{"id":13,"date":"2026-02-16T12:50:40","date_gmt":"2026-02-16T12:50:40","guid":{"rendered":"https:\/\/opidig.dk\/?page_id=13"},"modified":"2026-02-16T12:50:40","modified_gmt":"2026-02-16T12:50:40","slug":"forside-2","status":"publish","type":"page","link":"https:\/\/opidig.dk\/","title":{"rendered":"Forside"},"content":{"rendered":"\n<div class=\"wp-block-cover alignfull is-dark\" style=\"min-height:550px;aspect-ratio:unset;\"><span aria-hidden=\"true\" class=\"wp-block-cover__background has-background-dim-100 has-background-dim\" style=\"background-color:#003366\"><\/span><div class=\"wp-block-cover__inner-container is-layout-flow wp-block-cover-is-layout-flow\">\n\n<div class=\"wp-block-group has-global-padding is-layout-constrained wp-container-core-group-is-layout-bea02a06 wp-block-group-is-layout-constrained\">\n\n<h1 class=\"wp-block-heading has-text-align-center has-text-color has-huge-font-size\" style=\"color:#ffffff\">Digital Forvandling med Opidig.dk<\/h1>\n\n\n\n<p class=\"has-text-align-center has-text-color has-x-large-font-size\" style=\"color:#ffffff;font-size:clamp(0.984rem, 0.984rem + ((1vw - 0.2rem) * 0.809), 1.5rem);\">Vi transformerer din forretning med skr\u00e6ddersyede digitale l\u00f8sninger. Skal\u00e9r din succes med os.<\/p>\n\n\n\n<div style=\"height:40px\" aria-hidden=\"true\" class=\"wp-block-spacer\"><\/div>\n\n\n\n<div class=\"wp-block-buttons is-content-justification-center is-layout-flex wp-container-core-buttons-is-layout-a89b3969 wp-block-buttons-is-layout-flex\">\n\n<div class=\"wp-block-button is-style-fill\"><a class=\"wp-block-button__link has-white-color has-text-color wp-element-button\" style=\"background-color:#00aabb;font-size:clamp(0.875rem, 0.875rem + ((1vw - 0.2rem) * 0.353), 1.1rem);padding-top:15px;padding-right:30px;padding-bottom:15px;padding-left:30px\">Se Vores Ydelser<\/a><\/div>\n\n\n\n<div class=\"wp-block-button is-style-outline is-style-outline--1\"><a class=\"wp-block-button__link has-text-color wp-element-button\" style=\"background-color:transparent;color:#00aabb;border-color:#00aabb;border-width:2px;font-size:clamp(0.875rem, 0.875rem + ((1vw - 0.2rem) * 0.353), 1.1rem);padding-top:15px;padding-right:30px;padding-bottom:15px;padding-left:30px\">Kontakt Os<\/a><\/div>\n\n<\/div>\n\n<\/div>\n\n<\/div><\/div>\n\n\n\n<div class=\"wp-block-group alignfull has-background has-global-padding is-layout-constrained wp-block-group-is-layout-constrained\" style=\"background-color:#f2f2f2;padding-top:80px;padding-bottom:80px\">\n\n<h2 class=\"wp-block-heading has-text-align-center has-text-color has-x-large-font-size\" style=\"color:#003366\">Om Opidig.dk<\/h2>\n\n\n\n<div style=\"height:40px\" aria-hidden=\"true\" class=\"wp-block-spacer\"><\/div>\n\n\n\n<div class=\"wp-block-columns alignwide is-layout-flex wp-container-core-columns-is-layout-28f84493 wp-block-columns-is-layout-flex\">\n\n<div class=\"wp-block-column is-layout-flow wp-block-column-is-layout-flow\">\n\n<p class=\"has-text-color\" style=\"color:#003366;font-size:clamp(0.875rem, 0.875rem + ((1vw - 0.2rem) * 0.431), 1.15rem);\">Hos Opidig.dk, en del af ScaleGroup ApS, specialiserer vi os i at levere banebrydende digitale l\u00f8sninger, der driver v\u00e6kst og optimerer forretningsprocesser. Vores mission er at hj\u00e6lpe virksomheder med at navigere i det digitale landskab og opn\u00e5 deres fulde potentiale gennem skr\u00e6ddersyet r\u00e5dgivning og innovativ teknologi.<\/p>\n\n<\/div>\n\n\n\n<div class=\"wp-block-column is-layout-flow wp-block-column-is-layout-flow\">\n\n<p class=\"has-text-color\" style=\"color:#003366;font-size:clamp(0.875rem, 0.875rem + ((1vw - 0.2rem) * 0.431), 1.15rem);\">Vi tror p\u00e5 \u00e6gte partnerskab og gennemsigtighed. Vores team af eksperter arbejder t\u00e6t sammen med dig for at forst\u00e5 dine unikke udfordringer og udvikle strategier, der leverer m\u00e5lbare resultater. Tillid, ekspertise og en moderne tilgang er kernen i alt, hvad vi g\u00f8r.<\/p>\n\n<\/div>\n\n<\/div>\n\n\n\n<div style=\"height:40px\" aria-hidden=\"true\" class=\"wp-block-spacer\"><\/div>\n\n\n\n<div class=\"wp-block-buttons is-content-justification-center is-layout-flex wp-container-core-buttons-is-layout-a89b3969 wp-block-buttons-is-layout-flex\">\n\n<div class=\"wp-block-button is-style-fill\"><a class=\"wp-block-button__link has-white-color has-text-color wp-element-button\" style=\"background-color:#00aabb;font-size:clamp(0.875rem, 0.875rem + ((1vw - 0.2rem) * 0.353), 1.1rem);padding-top:15px;padding-right:30px;padding-bottom:15px;padding-left:30px\">L\u00e6s Mere Om Os<\/a><\/div>\n\n<\/div>\n\n<\/div>\n\n\n\n<div class=\"wp-block-group alignfull has-background has-global-padding is-layout-constrained wp-block-group-is-layout-constrained\" style=\"background-color:#003366;padding-top:80px;padding-bottom:80px\">\n\n<h2 class=\"wp-block-heading has-text-align-center has-text-color has-x-large-font-size\" style=\"color:#ffffff\">Vores Kernetjenester<\/h2>\n\n\n\n<div style=\"height:40px\" aria-hidden=\"true\" class=\"wp-block-spacer\"><\/div>\n\n\n\n<div class=\"wp-block-columns alignwide is-layout-flex wp-container-core-columns-is-layout-28f84493 wp-block-columns-is-layout-flex\">\n\n<div class=\"wp-block-column is-layout-flow wp-block-column-is-layout-flow\">\n\n<h3 class=\"wp-block-heading has-text-color\" style=\"color:#00aabb\">Digital Strategi &amp; R\u00e5dgivning<\/h3>\n\n\n\n<p class=\"has-text-color\" style=\"color:#ffffff\">Vi udvikler datadrevne digitale strategier, der matcher dine forretningsm\u00e5l og sikrer langsigtet succes.<\/p>\n\n<\/div>\n\n\n\n<div class=\"wp-block-column is-layout-flow wp-block-column-is-layout-flow\">\n\n<h3 class=\"wp-block-heading has-text-color\" style=\"color:#00aabb\">Webudvikling &amp; Design<\/h3>\n\n\n\n<p class=\"has-text-color\" style=\"color:#ffffff\">Moderne, responsive og brugervenlige hjemmesider og webapplikationer, der imponerer og konverterer.<\/p>\n\n<\/div>\n\n\n\n<div class=\"wp-block-column is-layout-flow wp-block-column-is-layout-flow\">\n\n<h3 class=\"wp-block-heading has-text-color\" style=\"color:#00aabb\">S\u00f8gemaskineoptimering (SEO)<\/h3>\n\n\n\n<p class=\"has-text-color\" style=\"color:#ffffff\">Forbedr din synlighed i s\u00f8gemaskinerne, tiltr\u00e6k mere trafik og find nye kunder med vores SEO-ekspertise.<\/p>\n\n<\/div>\n\n<\/div>\n\n\n\n<div style=\"height:40px\" aria-hidden=\"true\" class=\"wp-block-spacer\"><\/div>\n\n\n\n<div class=\"wp-block-buttons is-content-justification-center is-layout-flex wp-container-core-buttons-is-layout-a89b3969 wp-block-buttons-is-layout-flex\">\n\n<div class=\"wp-block-button is-style-fill\"><a class=\"wp-block-button__link has-white-color has-text-color wp-element-button\" style=\"background-color:#00aabb;font-size:clamp(0.875rem, 0.875rem + ((1vw - 0.2rem) * 0.353), 1.1rem);padding-top:15px;padding-right:30px;padding-bottom:15px;padding-left:30px\">Se Alle Vores Ydelser<\/a><\/div>\n\n<\/div>\n\n<\/div>\n\n\n\n<div class=\"wp-block-group alignfull has-background has-global-padding is-layout-constrained wp-block-group-is-layout-constrained\" style=\"background-color:#f2f2f2;padding-top:80px;padding-bottom:80px\">\n\n<h2 class=\"wp-block-heading has-text-align-center has-text-color has-x-large-font-size\" style=\"color:#003366\">Kontakt Os<\/h2>\n\n\n\n<div style=\"height:40px\" aria-hidden=\"true\" class=\"wp-block-spacer\"><\/div>\n\n\n\n<div class=\"wp-block-columns alignwide is-layout-flex wp-container-core-columns-is-layout-28f84493 wp-block-columns-is-layout-flex\">\n\n<div class=\"wp-block-column is-layout-flow wp-block-column-is-layout-flow\">\n\n<h3 class=\"wp-block-heading has-text-color\" style=\"color:#003366\">Opidig.dk<\/h3>\n\n\n\n<p class=\"has-text-color\" style=\"color:#003366\">ScaleGroup ApS<br>Hovedvejen 76, st<br>2600 Glostrup<\/p>\n\n\n\n<p class=\"has-text-color\" style=\"color:#003366\">E-mail: kunde@scaleweb.dk<br>Telefon: +45 11223344<\/p>\n\n<\/div>\n\n\n\n<div class=\"wp-block-column is-layout-flow wp-block-column-is-layout-flow\">\n\n<h3 class=\"wp-block-heading has-text-color\" style=\"color:#003366\">Lad os tage en snak<\/h3>\n\n\n\n<p class=\"has-text-color\" style=\"color:#003366\">Er du klar til at tage din virksomhed til nye h\u00f8jder? Kontakt os i dag for en uforpligtende samtale om dine digitale muligheder.<\/p>\n\n\n\n<div class=\"wp-block-buttons is-layout-flex wp-block-buttons-is-layout-flex\">\n\n<div class=\"wp-block-button\"><a class=\"wp-block-button__link has-white-color has-text-color wp-element-button\" style=\"background-color:#00aabb;font-size:clamp(0.875rem, 0.875rem + ((1vw - 0.2rem) * 0.353), 1.1rem);\">Send en E-mail<\/a><\/div>\n\n\n\n<div class=\"wp-block-button is-style-outline is-style-outline--2\"><a class=\"wp-block-button__link has-text-color wp-element-button\" style=\"background-color:transparent;color:#00aabb;border-color:#00aabb;border-width:2px;font-size:clamp(0.875rem, 0.875rem + ((1vw - 0.2rem) * 0.353), 1.1rem);\">Ring til Os<\/a><\/div>\n\n<\/div>\n\n<\/div>\n\n<\/div>\n\n<\/div>\n\n\n\n<div class=\"wp-block-group alignfull has-background has-global-padding is-layout-constrained wp-block-group-is-layout-constrained\" style=\"background-color:#003366;padding-top:40px;padding-bottom:40px\">\n\n<div class=\"wp-block-columns alignwide is-layout-flex wp-container-core-columns-is-layout-28f84493 wp-block-columns-is-layout-flex\">\n\n<div class=\"wp-block-column is-layout-flow wp-block-column-is-layout-flow\">\n\n<h4 class=\"wp-block-heading has-text-color\" style=\"color:#ffffff\">Opidig.dk<\/h4>\n\n\n\n<p class=\"has-text-color\" style=\"color:#f2f2f2\">Din partner inden for digital v\u00e6kst. Vi skaber l\u00f8sninger, der skalerer.<\/p>\n\n<\/div>\n\n\n\n<div class=\"wp-block-column is-layout-flow wp-block-column-is-layout-flow\">\n\n<h4 class=\"wp-block-heading has-text-color\" style=\"color:#ffffff\">Links<\/h4>\n\n\n\n<p class=\"has-text-color\" style=\"color:#f2f2f2\"><a href=\"#\" style=\"color:#F2F2F2; text-decoration:none;\">Hjem<\/a><br><a href=\"#\" style=\"color:#F2F2F2; text-decoration:none;\">Om Os<\/a><br><a href=\"#\" style=\"color:#F2F2F2; text-decoration:none;\">Tjenester<\/a><br><a href=\"#\" style=\"color:#F2F2F2; text-decoration:none;\">Kontakt<\/a><\/p>\n\n<\/div>\n\n\n\n<div class=\"wp-block-column is-layout-flow wp-block-column-is-layout-flow\">\n\n<h4 class=\"wp-block-heading has-text-color\" style=\"color:#ffffff\">Kontakt<\/h4>\n\n\n\n<p class=\"has-text-color\" style=\"color:#f2f2f2\">kunde@scaleweb.dk<br>+45 11223344<br>Hovedvejen 76, 2600 Glostrup<\/p>\n\n<\/div>\n\n<\/div>\n\n\n\n<hr class=\"wp-block-separator alignwide has-background is-style-wide is-style-wide--3\" style=\"background-color:#00aabb\"\/>\n\n\n\n<p class=\"has-text-align-center has-text-color\" style=\"color:#f2f2f2;font-size:clamp(0.875rem, 0.875rem + ((1vw - 0.2rem) * 0.039), 0.9rem);\">\u00a9 2023 Opidig.dk (ScaleGroup ApS). Alle rettigheder forbeholdes.<\/p>\n\n<\/div>\n","protected":false},"excerpt":{"rendered":"<p>Om Opidig.dk Hos Opidig.dk, en del af ScaleGroup ApS, specialiserer vi os i at levere banebrydende digitale l\u00f8sninger, der driver v\u00e6kst og optimerer forretningsprocesser. Vores mission er at hj\u00e6lpe virksomheder med at navigere i det digitale landskab og opn\u00e5 deres fulde potentiale gennem skr\u00e6ddersyet r\u00e5dgivning og innovativ teknologi. Vi tror p\u00e5 \u00e6gte partnerskab og gennemsigtighed. [&hellip;]<\/p>\n","protected":false},"author":0,"featured_media":0,"parent":0,"menu_order":0,"comment_status":"closed","ping_status":"closed","template":"","meta":{"footnotes":""},"class_list":["post-13","page","type-page","status-publish","hentry"],"_links":{"self":[{"href":"https:\/\/opidig.dk\/index.php?rest_route=\/wp\/v2\/pages\/13","targetHints":{"allow":["GET"]}}],"collection":[{"href":"https:\/\/opidig.dk\/index.php?rest_route=\/wp\/v2\/pages"}],"about":[{"href":"https:\/\/opidig.dk\/index.php?rest_route=\/wp\/v2\/types\/page"}],"replies":[{"embeddable":true,"href":"https:\/\/opidig.dk\/index.php?rest_route=%2Fwp%2Fv2%2Fcomments&post=13"}],"version-history":[{"count":0,"href":"https:\/\/opidig.dk\/index.php?rest_route=\/wp\/v2\/pages\/13\/revisions"}],"wp:attachment":[{"href":"https:\/\/opidig.dk\/index.php?rest_route=%2Fwp%2Fv2%2Fmedia&parent=13"}],"curies":[{"name":"wp","href":"https:\/\/api.w.org\/{rel}","templated":true}]}}